{"id":376,"date":"2026-03-23T10:13:06","date_gmt":"2026-03-23T14:13:06","guid":{"rendered":"https:\/\/www.cri-irc.ca\/ecrire-a-votre-depute\/"},"modified":"2026-04-02T10:45:29","modified_gmt":"2026-04-02T14:45:29","slug":"ecrire-a-votre-depute","status":"publish","type":"page","link":"https:\/\/www.cri-irc.ca\/fr\/ecrire-a-votre-depute\/","title":{"rendered":"\u00c9crire \u00e0 votre d\u00e9put\u00e9"},"content":{"rendered":"\t\t<div data-elementor-type=\"wp-page\" data-elementor-id=\"376\" class=\"elementor elementor-376 elementor-109\" data-elementor-post-type=\"page\">\n\t\t\t\t<div class=\"elementor-element elementor-element-a390541 e-flex e-con-boxed e-con e-parent\" data-id=\"a390541\" data-element_type=\"container\" data-e-type=\"container\">\n\t\t\t\t\t<div class=\"e-con-inner\">\n\t\t\t\t<div class=\"elementor-element elementor-element-6eccfff elementor-widget elementor-widget-text-editor\" data-id=\"6eccfff\" data-element_type=\"widget\" data-e-type=\"widget\" data-widget_type=\"text-editor.default\">\n\t\t\t\t\t\t\t\t\t<ol><li>Entrez votre nom et code postal pour g\u00e9n\u00e9rer trois autres boutons.<\/li><li>S\u00e9lectionnez \u201cCopier le courriel du d\u00e9put\u00e9\u201d et collez l\u2019adresse dans le champ \u201c\u00c0\u201d de votre courriel. <strong>Ensuite<\/strong>, s\u00e9lectionnez \u201cCopier le courriel du premier ministre et des ministres\u201d et collez <span style=\"text-decoration: underline;\"><strong>\u00e9galement<\/strong><\/span> ces adresses dans le champ \u201c\u00c0\u201d.<\/li><li>Ensuite, s\u00e9lectionnez \u201cG\u00e9n\u00e9rer le courriel\u201d<ol><li style=\"list-style-type: square;\">Copiez et collez la lettre dans le corps de votre courriel.<\/li><li style=\"list-style-type: square;\">Personnalisez-la autant que possible (plus elle est personnelle, plus son impact sera grand)<\/li><\/ol><\/li><\/ol><p>\u2026 puis appuyez sur ENVOYER et soyez fier(\u00e8re) de faire une diff\u00e9rence.<\/p>\t\t\t\t\t\t\t\t<\/div>\n\t\t\t\t<div class=\"elementor-element elementor-element-1f727c8 elementor-widget elementor-widget-shortcode\" data-id=\"1f727c8\" data-element_type=\"widget\" data-e-type=\"widget\" data-widget_type=\"shortcode.default\">\n\t\t\t\t\t\t\t<div class=\"elementor-shortcode\">    <form id=\"mp-form\">\r\n        <input type=\"text\" name=\"first_name\" placeholder=\"Pr\u00e9nom\" required>\r\n        <input type=\"text\" name=\"last_name\" placeholder=\"Nom\" required>\r\n        <input type=\"text\" name=\"postal_code\" placeholder=\"Code postal\" required>\r\n        <button type=\"submit\">Trouver votre d\u00e9put\u00e9<\/button>\r\n    <\/form>\r\n    <div id=\"mp-result\"><\/div>\r\n    <div id=\"mp-message\"><\/div>\r\n    <\/div>\n\t\t\t\t\t\t<\/div>\n\t\t\t\t\t<\/div>\n\t\t\t\t<\/div>\n\t\t\t\t<\/div>\n\t\t","protected":false},"excerpt":{"rendered":"<p>Entrez votre nom et code postal pour g\u00e9n\u00e9rer trois autres boutons. S\u00e9lectionnez \u201cCopier le courriel du d\u00e9put\u00e9\u201d et collez l\u2019adresse dans le champ \u201c\u00c0\u201d de votre courriel. Ensuite, s\u00e9lectionnez \u201cCopier le courriel du premier ministre et des ministres\u201d et collez \u00e9galement ces adresses dans le champ \u201c\u00c0\u201d. Ensuite, s\u00e9lectionnez \u201cG\u00e9n\u00e9rer le courriel\u201d Copiez et collez &#8230; <a title=\"\u00c9crire \u00e0 votre d\u00e9put\u00e9\" class=\"read-more\" href=\"https:\/\/www.cri-irc.ca\/fr\/ecrire-a-votre-depute\/\" aria-label=\"En savoir plus sur \u00c9crire \u00e0 votre d\u00e9put\u00e9\">Lire la suite<\/a><\/p>\n","protected":false},"author":1,"featured_media":0,"parent":0,"menu_order":0,"comment_status":"closed","ping_status":"closed","template":"","meta":{"footnotes":""},"class_list":["post-376","page","type-page","status-publish"],"_links":{"self":[{"href":"https:\/\/www.cri-irc.ca\/fr\/wp-json\/wp\/v2\/pages\/376","targetHints":{"allow":["GET"]}}],"collection":[{"href":"https:\/\/www.cri-irc.ca\/fr\/wp-json\/wp\/v2\/pages"}],"about":[{"href":"https:\/\/www.cri-irc.ca\/fr\/wp-json\/wp\/v2\/types\/page"}],"author":[{"embeddable":true,"href":"https:\/\/www.cri-irc.ca\/fr\/wp-json\/wp\/v2\/users\/1"}],"replies":[{"embeddable":true,"href":"https:\/\/www.cri-irc.ca\/fr\/wp-json\/wp\/v2\/comments?post=376"}],"version-history":[{"count":6,"href":"https:\/\/www.cri-irc.ca\/fr\/wp-json\/wp\/v2\/pages\/376\/revisions"}],"predecessor-version":[{"id":585,"href":"https:\/\/www.cri-irc.ca\/fr\/wp-json\/wp\/v2\/pages\/376\/revisions\/585"}],"wp:attachment":[{"href":"https:\/\/www.cri-irc.ca\/fr\/wp-json\/wp\/v2\/media?parent=376"}],"curies":[{"name":"wp","href":"https:\/\/api.w.org\/{rel}","templated":true}]}}