{"id":372,"date":"2026-03-20T10:35:04","date_gmt":"2026-03-20T14:35:04","guid":{"rendered":"https:\/\/www.cri-irc.ca\/linitiative-de-la-radio-communautaire-irc\/"},"modified":"2026-04-02T10:42:15","modified_gmt":"2026-04-02T14:42:15","slug":"linitiative-de-la-radio-communautaire-irc","status":"publish","type":"page","link":"https:\/\/www.cri-irc.ca\/fr\/","title":{"rendered":"L&rsquo;Initiative de la radio communautaire"},"content":{"rendered":"\t\t<div data-elementor-type=\"wp-page\" data-elementor-id=\"372\" class=\"elementor elementor-372 elementor-12\" data-elementor-post-type=\"page\">\n\t\t\t\t<div class=\"elementor-element elementor-element-6fd24a9 e-flex e-con-boxed elementor-invisible e-con e-parent\" data-id=\"6fd24a9\" data-element_type=\"container\" data-e-type=\"container\" data-settings=\"{&quot;animation&quot;:&quot;fadeIn&quot;}\">\n\t\t\t\t\t<div class=\"e-con-inner\">\n\t\t\t\t<div class=\"elementor-element elementor-element-0e6703c elementor-widget elementor-widget-heading\" data-id=\"0e6703c\" data-element_type=\"widget\" data-e-type=\"widget\" data-widget_type=\"heading.default\">\n\t\t\t\t\t<h2 class=\"elementor-heading-title elementor-size-default\">Renforcer les m\u00e9dias locaux canadiens gr\u00e2ce \u00e0 la radio communautaire\n<\/h2>\t\t\t\t<\/div>\n\t\t\t\t<div class=\"elementor-element elementor-element-98ab0a7 elementor-widget elementor-widget-text-editor\" data-id=\"98ab0a7\" data-element_type=\"widget\" data-e-type=\"widget\" data-widget_type=\"text-editor.default\">\n\t\t\t\t\t\t\t\t\t<p>L\u2018<strong>Initiative pour les radios communautaires<\/strong> est une campagne qui met en lumi\u00e8re le r\u00f4le essentiel des radios communautaires dans la promotion des voix, de la culture et de la musique locales. Elle cherche \u00e0 r\u00e9pondre \u00e0 l\u2019urgence d\u2019un soutien gouvernemental stable et \u00e0 mobiliser les efforts collectifs pour assurer la survie de ces stations. <\/p>\t\t\t\t\t\t\t\t<\/div>\n\t\t\t\t\t<\/div>\n\t\t\t\t<\/div>\n\t\t<div class=\"elementor-element elementor-element-79fe6c1 e-flex e-con-boxed elementor-invisible e-con e-parent\" data-id=\"79fe6c1\" data-element_type=\"container\" data-e-type=\"container\" data-settings=\"{&quot;animation&quot;:&quot;fadeIn&quot;}\">\n\t\t\t\t\t<div class=\"e-con-inner\">\n\t\t<div class=\"elementor-element elementor-element-509f663 e-con-full e-flex e-con e-child\" data-id=\"509f663\" data-element_type=\"container\" data-e-type=\"container\">\n\t\t\t\t<div class=\"elementor-element elementor-element-39d8773 elementor-widget elementor-widget-image\" data-id=\"39d8773\" data-element_type=\"widget\" data-e-type=\"widget\" data-widget_type=\"image.default\">\n\t\t\t\t\t\t\t\t\t\t\t\t\t\t\t<img fetchpriority=\"high\" decoding=\"async\" width=\"900\" height=\"675\" src=\"https:\/\/www.cri-irc.ca\/wp-content\/uploads\/2026\/03\/CJAM-Alicia-and-Anisa-Hosting-Sardines-2-resized-1024x768.jpg\" class=\"attachment-large size-large wp-image-373\" alt=\"\" srcset=\"https:\/\/www.cri-irc.ca\/wp-content\/uploads\/2026\/03\/CJAM-Alicia-and-Anisa-Hosting-Sardines-2-resized-1024x768.jpg 1024w, https:\/\/www.cri-irc.ca\/wp-content\/uploads\/2026\/03\/CJAM-Alicia-and-Anisa-Hosting-Sardines-2-resized-300x225.jpg 300w, https:\/\/www.cri-irc.ca\/wp-content\/uploads\/2026\/03\/CJAM-Alicia-and-Anisa-Hosting-Sardines-2-resized-768x576.jpg 768w, https:\/\/www.cri-irc.ca\/wp-content\/uploads\/2026\/03\/CJAM-Alicia-and-Anisa-Hosting-Sardines-2-resized.jpg 1440w\" sizes=\"(max-width: 900px) 100vw, 900px\" \/>\t\t\t\t\t\t\t\t\t\t\t\t\t\t\t<\/div>\n\t\t\t\t<\/div>\n\t\t<div class=\"elementor-element elementor-element-ea69885 e-con-full e-flex e-con e-child\" data-id=\"ea69885\" data-element_type=\"container\" data-e-type=\"container\">\n\t\t\t\t<div class=\"elementor-element elementor-element-41727e0 elementor-widget elementor-widget-text-editor\" data-id=\"41727e0\" data-element_type=\"widget\" data-e-type=\"widget\" data-widget_type=\"text-editor.default\">\n\t\t\t\t\t\t\t\t\t<p>\u00c0 un co\u00fbt annuel de 30 millions $, dont une partie est d\u00e9j\u00e0 financ\u00e9e par les diffuseurs num\u00e9riques, l\u2019<strong>Initiative pour les radios communautaires<\/strong> renforcera les stations communautaires autochtones et universitaires sous licence.<\/p>\t\t\t\t\t\t\t\t<\/div>\n\t\t\t\t<\/div>\n\t\t\t\t\t<\/div>\n\t\t\t\t<\/div>\n\t\t<div class=\"elementor-element elementor-element-da2cf76 e-flex e-con-boxed elementor-invisible e-con e-parent\" data-id=\"da2cf76\" data-element_type=\"container\" data-e-type=\"container\" data-settings=\"{&quot;animation&quot;:&quot;fadeIn&quot;}\">\n\t\t\t\t\t<div class=\"e-con-inner\">\n\t\t<div class=\"elementor-element elementor-element-8dc67da e-con-full e-flex e-con e-child\" data-id=\"8dc67da\" data-element_type=\"container\" data-e-type=\"container\">\n\t\t\t\t<div class=\"elementor-element elementor-element-3328c71 elementor-widget elementor-widget-text-editor\" data-id=\"3328c71\" data-element_type=\"widget\" data-e-type=\"widget\" data-widget_type=\"text-editor.default\">\n\t\t\t\t\t\t\t\t\t<p>Lorsque le gouvernement a mis \u00e0 jour la loi sur la radiodiffusion pour obliger les diffuseurs num\u00e9riques \u00e0 soutenir les voix canadiennes, l\u2019<strong>Initiative pour les radios communautaires<\/strong> a \u00e9t\u00e9 incluse dans cette structure de financement. Parmi les 30 millions n\u00e9cessaires, 6 millions $ devraient provenir des diffuseurs num\u00e9riques d\u2019ici 2026. Nous avons maintenant besoin de votre aide pour obtenir les 24 millions restants dans le budget f\u00e9d\u00e9ral.  <\/p>\t\t\t\t\t\t\t\t<\/div>\n\t\t\t\t<\/div>\n\t\t\t\t<div class=\"elementor-element elementor-element-e9a5ebb elementor-widget elementor-widget-image\" data-id=\"e9a5ebb\" data-element_type=\"widget\" data-e-type=\"widget\" data-widget_type=\"image.default\">\n\t\t\t\t\t\t\t\t\t\t\t\t\t\t\t<img decoding=\"async\" width=\"900\" height=\"600\" src=\"https:\/\/www.cri-irc.ca\/wp-content\/uploads\/2026\/04\/CFWE-Station-1024x683.jpg\" class=\"attachment-large size-large wp-image-521\" alt=\"\" srcset=\"https:\/\/www.cri-irc.ca\/wp-content\/uploads\/2026\/04\/CFWE-Station-1024x683.jpg 1024w, https:\/\/www.cri-irc.ca\/wp-content\/uploads\/2026\/04\/CFWE-Station-300x200.jpg 300w, https:\/\/www.cri-irc.ca\/wp-content\/uploads\/2026\/04\/CFWE-Station-768x512.jpg 768w, https:\/\/www.cri-irc.ca\/wp-content\/uploads\/2026\/04\/CFWE-Station.jpg 1200w\" sizes=\"(max-width: 900px) 100vw, 900px\" \/>\t\t\t\t\t\t\t\t\t\t\t\t\t\t\t<\/div>\n\t\t\t\t\t<\/div>\n\t\t\t\t<\/div>\n\t\t<div class=\"elementor-element elementor-element-f888e0f e-flex e-con-boxed e-con e-parent\" data-id=\"f888e0f\" data-element_type=\"container\" data-e-type=\"container\">\n\t\t\t\t\t<div class=\"e-con-inner\">\n\t\t\t\t<div class=\"elementor-element elementor-element-35258d1 animated-slow elementor-invisible elementor-widget elementor-widget-heading\" data-id=\"35258d1\" data-element_type=\"widget\" data-e-type=\"widget\" data-settings=\"{&quot;_animation&quot;:&quot;fadeIn&quot;,&quot;_animation_delay&quot;:400}\" data-widget_type=\"heading.default\">\n\t\t\t\t\t<span class=\"elementor-heading-title elementor-size-default\">Ce financement transformerait la radio communautaire au Canada, assurant un acc\u00e8s continu aux nouvelles locales et \u00e0 l\u2019information essentielle.<\/span>\t\t\t\t<\/div>\n\t\t\t\t\t<\/div>\n\t\t\t\t<\/div>\n\t\t<div class=\"elementor-element elementor-element-c3c37e5 e-flex e-con-boxed e-con e-parent\" data-id=\"c3c37e5\" data-element_type=\"container\" data-e-type=\"container\">\n\t\t\t\t\t<div class=\"e-con-inner\">\n\t\t\t\t<div class=\"elementor-element elementor-element-528c917 elementor-widget elementor-widget-heading\" data-id=\"528c917\" data-element_type=\"widget\" data-e-type=\"widget\" data-widget_type=\"heading.default\">\n\t\t\t\t\t<h2 class=\"elementor-heading-title elementor-size-default\">Comment pouvez-vous aider?<\/h2>\t\t\t\t<\/div>\n\t\t\t\t<div class=\"elementor-element elementor-element-aa8caa0 elementor-widget elementor-widget-text-editor\" data-id=\"aa8caa0\" data-element_type=\"widget\" data-e-type=\"widget\" data-widget_type=\"text-editor.default\">\n\t\t\t\t\t\t\t\t\t<p>Utilisez notre <a href=\"https:\/\/www.cri-irc.ca\/fr\/ecrire-a-votre-depute\/\">outil<\/a> pour r\u00e9diger un courriel personnalis\u00e9 \u00e0 votre repr\u00e9sentant municipal local. C\u2019est aussi simple que 1, 2, 3!<\/p>\t\t\t\t\t\t\t\t<\/div>\n\t\t\t\t<div class=\"elementor-element elementor-element-13abaad elementor-widget elementor-widget-heading\" data-id=\"13abaad\" data-element_type=\"widget\" data-e-type=\"widget\" data-widget_type=\"heading.default\">\n\t\t\t\t\t<h2 class=\"elementor-heading-title elementor-size-default\">Que devrais-je faire?<\/h2>\t\t\t\t<\/div>\n\t\t\t\t<div class=\"elementor-element elementor-element-6d3f03b elementor-widget elementor-widget-text-editor\" data-id=\"6d3f03b\" data-element_type=\"widget\" data-e-type=\"widget\" data-widget_type=\"text-editor.default\">\n\t\t\t\t\t\t\t\t\t<ol><li>Entrez vote nom et code postal pour trouver votre d\u00e9put\u00e9 et g\u00e9n\u00e9rer un courriel<\/li><li>Copier les adresses courriels<\/li><li>Collez et personnalisez!<\/li><\/ol>\t\t\t\t\t\t\t\t<\/div>\n\t\t\t\t\t<\/div>\n\t\t\t\t<\/div>\n\t\t<div class=\"elementor-element elementor-element-9915ba6 e-flex e-con-boxed e-con e-parent\" data-id=\"9915ba6\" data-element_type=\"container\" data-e-type=\"container\">\n\t\t\t\t\t<div class=\"e-con-inner\">\n\t\t\t\t<div class=\"elementor-element elementor-element-337450d elementor-widget elementor-widget-button\" data-id=\"337450d\" data-element_type=\"widget\" data-e-type=\"widget\" data-widget_type=\"button.default\">\n\t\t\t\t\t\t\t\t\t\t<a class=\"elementor-button elementor-button-link elementor-size-sm\" href=\"\/fr\/ecrire-a-votre-depute\/\">\n\t\t\t\t\t\t<span class=\"elementor-button-content-wrapper\">\n\t\t\t\t\t\t\t\t\t<span class=\"elementor-button-text\">G\u00e9n\u00e9rer votre courriel<\/span>\n\t\t\t\t\t<\/span>\n\t\t\t\t\t<\/a>\n\t\t\t\t\t\t\t\t<\/div>\n\t\t\t\t<div class=\"elementor-element elementor-element-bac3e36 elementor-widget elementor-widget-button\" data-id=\"bac3e36\" data-element_type=\"widget\" data-e-type=\"widget\" data-widget_type=\"button.default\">\n\t\t\t\t\t\t\t\t\t\t<a class=\"elementor-button elementor-button-link elementor-size-sm\" href=\"\/fr\/a-propos\">\n\t\t\t\t\t\t<span class=\"elementor-button-content-wrapper\">\n\t\t\t\t\t\t\t\t\t<span class=\"elementor-button-text\">En savoir plus<\/span>\n\t\t\t\t\t<\/span>\n\t\t\t\t\t<\/a>\n\t\t\t\t\t\t\t\t<\/div>\n\t\t\t\t\t<\/div>\n\t\t\t\t<\/div>\n\t\t\t\t<\/div>\n\t\t","protected":false},"excerpt":{"rendered":"<p>Renforcer les m\u00e9dias locaux canadiens gr\u00e2ce \u00e0 la radio communautaire L\u2018Initiative pour les radios communautaires est une campagne qui met en lumi\u00e8re le r\u00f4le essentiel des radios communautaires dans la promotion des voix, de la culture et de la musique locales. Elle cherche \u00e0 r\u00e9pondre \u00e0 l\u2019urgence d\u2019un soutien gouvernemental stable et \u00e0 mobiliser les &#8230; <a title=\"L&rsquo;Initiative de la radio communautaire\" class=\"read-more\" href=\"https:\/\/www.cri-irc.ca\/fr\/\" aria-label=\"En savoir plus sur L&rsquo;Initiative de la radio communautaire\">Lire la suite<\/a><\/p>\n","protected":false},"author":1,"featured_media":0,"parent":0,"menu_order":0,"comment_status":"closed","ping_status":"closed","template":"","meta":{"footnotes":""},"class_list":["post-372","page","type-page","status-publish"],"_links":{"self":[{"href":"https:\/\/www.cri-irc.ca\/fr\/wp-json\/wp\/v2\/pages\/372","targetHints":{"allow":["GET"]}}],"collection":[{"href":"https:\/\/www.cri-irc.ca\/fr\/wp-json\/wp\/v2\/pages"}],"about":[{"href":"https:\/\/www.cri-irc.ca\/fr\/wp-json\/wp\/v2\/types\/page"}],"author":[{"embeddable":true,"href":"https:\/\/www.cri-irc.ca\/fr\/wp-json\/wp\/v2\/users\/1"}],"replies":[{"embeddable":true,"href":"https:\/\/www.cri-irc.ca\/fr\/wp-json\/wp\/v2\/comments?post=372"}],"version-history":[{"count":17,"href":"https:\/\/www.cri-irc.ca\/fr\/wp-json\/wp\/v2\/pages\/372\/revisions"}],"predecessor-version":[{"id":584,"href":"https:\/\/www.cri-irc.ca\/fr\/wp-json\/wp\/v2\/pages\/372\/revisions\/584"}],"wp:attachment":[{"href":"https:\/\/www.cri-irc.ca\/fr\/wp-json\/wp\/v2\/media?parent=372"}],"curies":[{"name":"wp","href":"https:\/\/api.w.org\/{rel}","templated":true}]}}